{"id":4,"date":"2019-11-25T08:53:11","date_gmt":"2019-11-25T08:53:11","guid":{"rendered":"http:\/\/badergmbh.de\/willkommen-auf-http-bietronic-de"},"modified":"2020-05-13T10:55:48","modified_gmt":"2020-05-13T10:55:48","slug":"willkommen-auf-http-bietronic-de","status":"publish","type":"page","link":"https:\/\/www.badergmbh.de\/en\/","title":{"rendered":""},"content":{"rendered":"<div class=\"n2-has-copy n2-code n2-ss-slider-shortcode-id\"><\/div>\n\n\n\n<p><span style=\"font-family: verdana, geneva, sans-serif;\">For more than over 40 years, BADER has been your partner for the development and production of electronic modules. We have a wide range of applications in  automotive electronics, industrial electronics as well as electronic systems for rail vehicles. Therefore, we can draw on a wealth of experience and offer you a suitable device from our product range or develop a specially tailored device for you.<\/span><\/p>\n\n\n\n<p><span style=\"font-family: verdana, geneva, sans-serif;\">Whether simple relay controls, motor controls or complex climate control systems. We accompany your project and offer a range from the first draft to the production of your device, 100% Made in Germany.<\/span><\/p>","protected":false},"excerpt":{"rendered":"<p>Seit \u00fcber 40 Jahren ist BADER Ihr Ansprechpartner f\u00fcr die Entwicklung und Fertigung von Elektronikbaugruppen. Wir besitzen eine Vielfalt an Einsatzbereichen in der Fahrzeugelektronik, Industrieelektronik und Elektroniksysteme f\u00fcr Schienenfahrzeuge. Deshalb k\u00f6nnen wir aus einem hohen Erfahrungsschatz sch\u00f6pfen und ein f\u00fcr Sie passendes Ger\u00e4t aus unserer Produktpalette anbieten oder ein speziell auf Sie zugeschnittenes Ger\u00e4t entwickeln. [&hellip;]<\/p>","protected":false},"author":1,"featured_media":0,"parent":0,"menu_order":0,"comment_status":"closed","ping_status":"open","template":"","meta":[],"_links":{"self":[{"href":"https:\/\/www.badergmbh.de\/en\/wp-json\/wp\/v2\/pages\/4"}],"collection":[{"href":"https:\/\/www.badergmbh.de\/en\/wp-json\/wp\/v2\/pages"}],"about":[{"href":"https:\/\/www.badergmbh.de\/en\/wp-json\/wp\/v2\/types\/page"}],"author":[{"embeddable":true,"href":"https:\/\/www.badergmbh.de\/en\/wp-json\/wp\/v2\/users\/1"}],"replies":[{"embeddable":true,"href":"https:\/\/www.badergmbh.de\/en\/wp-json\/wp\/v2\/comments?post=4"}],"version-history":[{"count":36,"href":"https:\/\/www.badergmbh.de\/en\/wp-json\/wp\/v2\/pages\/4\/revisions"}],"predecessor-version":[{"id":1644,"href":"https:\/\/www.badergmbh.de\/en\/wp-json\/wp\/v2\/pages\/4\/revisions\/1644"}],"wp:attachment":[{"href":"https:\/\/www.badergmbh.de\/en\/wp-json\/wp\/v2\/media?parent=4"}],"curies":[{"name":"wp","href":"https:\/\/api.w.org\/{rel}","templated":true}]}}