{"id":32,"date":"2019-11-25T10:25:37","date_gmt":"2019-11-25T10:25:37","guid":{"rendered":"http:\/\/badergmbh.de\/?page_id=32"},"modified":"2022-04-06T14:23:57","modified_gmt":"2022-04-06T14:23:57","slug":"anwendungen","status":"publish","type":"page","link":"https:\/\/www.badergmbh.de\/en\/anwendungen","title":{"rendered":"Applications"},"content":{"rendered":"<p><span style=\"font-family: verdana, geneva, sans-serif;\">In the following, some application areas of our products are shown and possible compositions of the corresponding system components are shown:<\/span><\/p>\n\n\n\n<div class=\"wp-block-columns\">\n<div class=\"wp-block-column\">\n<h2 id=\"reisebusse\"><span style=\"font-family: verdana, geneva, sans-serif; font-size: 18pt;\">Coaches<\/span><\/h2>\n<\/div>\n\n\n\n<div class=\"wp-block-column\">\n<h2><span style=\"font-family: verdana, geneva, sans-serif; font-size: 18pt;\">Example system<\/span><\/h2>\n<\/div>\n<\/div>\n\n\n\n<div class=\"wp-block-columns\">\n<div class=\"wp-block-column\">\n<figure class=\"wp-block-image size-large\"><img src=\"https:\/\/badergmbh.de\/wp-content\/uploads\/2020\/06\/viseon_explorer.jpg\" alt=\"\"\/><\/figure>\n<\/div>\n\n\n\n<div class=\"wp-block-column\">\n<ul>\n<li><span style=\"font-family: verdana, geneva, sans-serif;\"><a href=\"https:\/\/www.badergmbh.de\/en\/produkte\/#kr490\">operating unit 490<\/a><\/span><\/li>\n<li><span style=\"font-family: verdana, geneva, sans-serif;\"><a href=\"https:\/\/www.badergmbh.de\/en\/produkte\/#CAN1362\">CAN-Node 1362<\/a><\/span><\/li>\n<li><span style=\"font-family: verdana, geneva, sans-serif;\"><a href=\"https:\/\/www.badergmbh.de\/en\/produkte\/#CAN1390\">CAN-Node 1390<\/a><\/span><\/li>\n<li><span style=\"font-family: verdana, geneva, sans-serif;\"><a href=\"https:\/\/www.badergmbh.de\/en\/produkte\/#0703\">Outdoor sensor 0703<\/a><\/span><\/li>\n<li><span style=\"font-family: verdana, geneva, sans-serif;\"><a href=\"https:\/\/www.badergmbh.de\/en\/produkte\/#0705\">Room sensor 0705<\/a><\/span><\/li>\n<li><span style=\"font-family: verdana, geneva, sans-serif;\"><a href=\"https:\/\/www.badergmbh.de\/en\/produkte\/#egs631\">Electronic fan control 0631<\/a><\/span><\/li>\n<li><span style=\"font-family: verdana, geneva, sans-serif;\">Motor valve 5507<\/span><\/li>\n<\/ul>\n<\/div>\n<\/div>\n\n\n\n<hr>\n\n\n\n<div class=\"wp-block-columns\">\n<div class=\"wp-block-column\">\n<h2 id=\"stadtbusse\"><span style=\"font-family: verdana, geneva, sans-serif; font-size: 18pt;\">City buses<\/span><\/h2>\n<\/div>\n\n\n\n<div class=\"wp-block-column\">\n<h2><span style=\"font-size: 18pt;\"><span style=\"font-family: verdana, geneva, sans-serif;\">Example system<\/span><\/span><\/h2>\n<\/div>\n<\/div>\n\n\n\n<div class=\"wp-block-columns\">\n<div class=\"wp-block-column\">\n<figure class=\"wp-block-image size-large\"><img src=\"https:\/\/badergmbh.de\/wp-content\/uploads\/2019\/12\/Stadtbus_3-1024x683.jpg\" alt=\"\"\/><\/figure>\n<\/div>\n\n\n\n<div class=\"wp-block-column\">\n<ul>\n<li><span style=\"font-family: verdana, geneva, sans-serif;\"><a href=\"https:\/\/www.badergmbh.de\/en\/produkte\/#kr498\">operating unit 498<\/a><\/span><\/li>\n<li><span style=\"font-family: verdana, geneva, sans-serif;\"><a href=\"https:\/\/www.badergmbh.de\/en\/produkte\/#CAN1498\">CAN-Node 1498<\/a><\/span><\/li>\n<li><span style=\"font-family: verdana, geneva, sans-serif;\"><a href=\"https:\/\/www.badergmbh.de\/en\/produkte\/#0703\">Outdoor sensor 0703<\/a><\/span><\/li>\n<li><span style=\"font-family: verdana, geneva, sans-serif;\"><a href=\"https:\/\/www.badergmbh.de\/en\/produkte\/#0705\">Room sensor 0705<\/a><\/span><\/li>\n<li><span style=\"font-family: verdana, geneva, sans-serif;\"><a href=\"https:\/\/www.badergmbh.de\/en\/produkte\/#egs631\">Electronic fan control 0631<\/a><\/span><\/li>\n<li><span style=\"font-family: verdana, geneva, sans-serif;\">Motor valve 5507<\/span><\/li>\n<\/ul>\n<\/div>\n<\/div>\n\n\n\n<hr>\n\n\n\n<div class=\"wp-block-columns\">\n<div class=\"wp-block-column\">\n<h2 id=\"kleinbusse\"><span style=\"font-size: 18pt; font-family: verdana, geneva, sans-serif;\">Mini buses<\/span><\/h2>\n<\/div>\n\n\n\n<div class=\"wp-block-column\">\n<h2><span style=\"font-size: 18pt; font-family: verdana, geneva, sans-serif;\">Example system<\/span><\/h2>\n<\/div>\n<\/div>\n\n\n\n<div class=\"wp-block-columns\">\n<div class=\"wp-block-column\">\n<figure class=\"wp-block-image size-large\"><img src=\"https:\/\/badergmbh.de\/wp-content\/uploads\/2019\/12\/Kleinbus-1024x683.jpg\" alt=\"\"\/><\/figure>\n<\/div>\n\n\n\n<div class=\"wp-block-column\">\n<ul>\n<li><span style=\"font-family: verdana, geneva, sans-serif;\"><a href=\"https:\/\/www.badergmbh.de\/en\/produkte\/#kr323\">operating unit 323<\/a><\/span><\/li>\n<li><span style=\"font-family: verdana, geneva, sans-serif;\"><a href=\"https:\/\/www.badergmbh.de\/en\/produkte\/#CAN1393\">CAN-Node 1393<\/a><\/span><\/li>\n<li><span style=\"font-family: verdana, geneva, sans-serif;\"><a href=\"https:\/\/www.badergmbh.de\/en\/produkte\/#0703\">Outdoor sensor 0703<\/a><\/span><\/li>\n<li><span style=\"font-family: verdana, geneva, sans-serif;\"><a href=\"https:\/\/www.badergmbh.de\/en\/produkte\/#0705\">Room sensor 0705<\/a><\/span><\/li>\n<li><span style=\"font-family: verdana, geneva, sans-serif;\"><a href=\"https:\/\/www.badergmbh.de\/en\/produkte\/#egs631\">Electronic fan control 0631<\/a><\/span><\/li>\n<li><span style=\"font-family: verdana, geneva, sans-serif;\">Motor valve 5507<\/span><\/li>\n<\/ul>\n\n\n\n<p><\/p>\n<\/div>\n<\/div>\n\n\n\n<hr>\n\n\n\n<div class=\"wp-block-columns\">\n<div class=\"wp-block-column\">\n<h2 id=\"transportkuehlung\"><span style=\"font-family: verdana, geneva, sans-serif;\">Transport refrigeration<\/span><\/h2>\n<\/div>\n\n\n\n<div class=\"wp-block-column\">\n<h2><span style=\"font-family: verdana, geneva, sans-serif;\">Example system<\/span><\/h2>\n<\/div>\n<\/div>\n\n\n\n<div class=\"wp-block-columns\">\n<div class=\"wp-block-column\">\n<figure class=\"wp-block-image size-large\"><img src=\"https:\/\/badergmbh.de\/wp-content\/uploads\/2020\/01\/johannes-andersson-Dp7d8vPhiM0-unsplash-1024x683.jpg\" alt=\"\"\/><\/figure>\n<\/div>\n\n\n\n<div class=\"wp-block-column\">\n<ul>\n<li><span style=\"font-family: verdana, geneva, sans-serif;\"><a href=\"https:\/\/www.badergmbh.de\/en\/produkte\/#kr323\">operating unit 323<\/a><\/span><\/li>\n<li><span style=\"font-family: verdana, geneva, sans-serif;\"><a href=\"https:\/\/www.badergmbh.de\/en\/produkte\/#0703\" data-wplink-edit=\"true\">Outdoor sensor 0703<\/a><\/span><\/li>\n<li><span style=\"font-family: verdana, geneva, sans-serif;\"><a href=\"https:\/\/www.badergmbh.de\/en\/produkte\/#0705\">Room sensor 0705<\/a><\/span><\/li>\n<\/ul>\n\n\n\n<p><\/p>\n<\/div>\n<\/div>\n\n\n\n<hr>\n\n\n\n<div class=\"wp-block-columns\">\n<div class=\"wp-block-column\">\n<h2 id=\"schienenfahrzeuge\"><span style=\"font-family: verdana, geneva, sans-serif; font-size: 18pt;\">Rail vehicles<\/span><\/h2>\n<\/div>\n\n\n\n<div class=\"wp-block-column\">\n<h2><span style=\"font-family: verdana, geneva, sans-serif; font-size: 18pt;\">Example system<\/span><\/h2>\n<\/div>\n<\/div>\n\n\n\n<div class=\"wp-block-columns\">\n<div class=\"wp-block-column\">\n<figure class=\"wp-block-image size-large\"><img src=\"https:\/\/badergmbh.de\/wp-content\/uploads\/2020\/01\/REGIO-SHUTTLE-RS1-ODEG-1024x768.jpg\" alt=\"\"\/><\/figure>\n<\/div>\n\n\n\n<div class=\"wp-block-column\">\n<ul>\n<li><span style=\"font-family: verdana, geneva, sans-serif;\"><a href=\"https:\/\/www.badergmbh.de\/en\/produkte\/#bt1415\">operating unit 415<\/a><\/span><\/li>\n<li><span style=\"font-family: verdana, geneva, sans-serif;\"><a href=\"https:\/\/www.badergmbh.de\/en\/produkte\/#CAN1471\">CAN-Node 1471<\/a><\/span><\/li>\n<li><span style=\"font-family: verdana, geneva, sans-serif;\"><a href=\"https:\/\/www.badergmbh.de\/en\/produkte\/#CAN1442\">CAN-Node 1442<\/a><\/span><\/li>\n<li><span style=\"font-family: verdana, geneva, sans-serif;\"><a href=\"https:\/\/www.badergmbh.de\/en\/produkte\/#0703\">Outdoor sensor 0703<\/a><\/span><\/li>\n<li><span style=\"font-family: verdana, geneva, sans-serif;\"><a href=\"https:\/\/www.badergmbh.de\/en\/produkte\/#0705\">Room sensor 0705<\/a><\/span><\/li>\n<li><span style=\"font-family: verdana, geneva, sans-serif;\"><a href=\"https:\/\/www.badergmbh.de\/en\/produkte\/#egs631\">Electronic fan control 0631<\/a><\/span><\/li>\n<li><span style=\"font-family: verdana, geneva, sans-serif;\">Motor valve 5507<\/span><\/li>\n<\/ul>\n<\/div>\n<\/div>\n\n\n\n<hr>\n\n\n\n<div class=\"wp-block-columns\">\n<div class=\"wp-block-column\">\n<h2 id=\"wohnmobil\"><span style=\"font-family: verdana, geneva, sans-serif; font-size: 18pt;\">RV\/ Unimog<\/span><\/h2>\n<\/div>\n\n\n\n<div class=\"wp-block-column\">\n<h2><span style=\"font-family: verdana, geneva, sans-serif; font-size: 18pt;\">Example system<\/span><\/h2>\n<\/div>\n<\/div>\n\n\n\n<div class=\"wp-block-columns\">\n<div class=\"wp-block-column\">\n<figure class=\"wp-block-image size-large\"><img src=\"https:\/\/badergmbh.de\/wp-content\/uploads\/2020\/06\/unimog_explorer.jpg\" alt=\"\"\/><\/figure>\n<\/div>\n\n\n\n<div class=\"wp-block-column\">\n<ul>\n<li><span style=\"font-family: verdana, geneva, sans-serif;\">operating unit 325<\/span><\/li>\n<li><span style=\"font-family: verdana, geneva, sans-serif;\"><a href=\"https:\/\/www.badergmbh.de\/en\/produkte\/#CAN1393\">CAN-Node 1393<\/a><\/span><\/li>\n<li><span style=\"font-family: verdana, geneva, sans-serif;\"><a href=\"https:\/\/www.badergmbh.de\/en\/produkte\/#0704\">Boiler\/Discharge sensor 0704<\/a><\/span><\/li>\n<li><span style=\"font-family: verdana, geneva, sans-serif;\"><a href=\"https:\/\/www.badergmbh.de\/en\/produkte\/#0705\">Room sensor 0705<\/a><\/span><\/li>\n<li><span style=\"font-family: verdana, geneva, sans-serif;\"><a href=\"https:\/\/www.badergmbh.de\/en\/produkte\/#egs631\">Electronic fan control 0631<\/a><\/span><\/li>\n<li><span style=\"font-family: verdana, geneva, sans-serif;\">Motor valve 5507<\/span><\/li>\n<li><span style=\"font-family: verdana, geneva, sans-serif;\">S\/W valve 5502<\/span><\/li>\n<\/ul>\n<\/div>\n<\/div>\n\n\n\n<hr>\n\n\n\n<div class=\"wp-block-columns\">\n<div class=\"wp-block-column\">\n<h2 id=\"ropa\"><span style=\"font-family: verdana, geneva, sans-serif; font-size: 18pt;\">Agricultural vehicles<\/span><\/h2>\n<\/div>\n\n\n\n<div class=\"wp-block-column\">\n<h2><span style=\"font-family: verdana, geneva, sans-serif; font-size: 18pt;\">Example system<\/span><\/h2>\n<\/div>\n<\/div>\n\n\n\n<div class=\"wp-block-columns\">\n<div class=\"wp-block-column\">\n<figure class=\"wp-block-image size-large\"><img src=\"https:\/\/badergmbh.de\/wp-content\/uploads\/2019\/12\/Erntetraktor-1-1024x683.jpg\" alt=\"\"\/><\/figure>\n<\/div>\n\n\n\n<div class=\"wp-block-column\">\n<ul>\n<li><span style=\"font-family: verdana, geneva, sans-serif;\"><a href=\"https:\/\/www.badergmbh.de\/en\/produkte\/#kr323\"> operating unit 323<\/a><\/span><\/li>\n<li><span style=\"font-family: verdana, geneva, sans-serif;\">CAN-interface to the vehicle.<\/span><\/li>\n<li><span style=\"font-family: verdana, geneva, sans-serif;\"><a href=\"https:\/\/www.badergmbh.de\/en\/produkte\/#0703\">Outdoor sensor 0703<\/a><\/span><\/li>\n<li><span style=\"font-family: verdana, geneva, sans-serif;\"><a href=\"https:\/\/www.badergmbh.de\/en\/produkte\/#0705\">Room sensor 0705<\/a><\/span><\/li>\n<li><span style=\"font-family: verdana, geneva, sans-serif;\"><a href=\"https:\/\/www.badergmbh.de\/en\/produkte\/#egs631\">Electronic fan control 0631<\/a><\/span><\/li>\n<li><span style=\"font-family: verdana, geneva, sans-serif;\">Motor valve 5507<\/span><\/li>\n<li><span style=\"font-family: verdana, geneva, sans-serif;\"><strong>Application area:<\/strong> e.g. tractors, harvesting machines.<\/span><\/li>\n<\/ul>\n<\/div>\n<\/div>\n\n\n\n<hr>\n\n\n\n<div class=\"wp-block-columns\">\n<div class=\"wp-block-column\">\n<h2 id=\"pistenbully\"><span style=\"font-family: verdana, geneva, sans-serif; font-size: 18pt;\">Pistenbully<\/span><\/h2>\n<\/div>\n\n\n\n<div class=\"wp-block-column\">\n<h2><span style=\"font-family: verdana, geneva, sans-serif; font-size: 18pt;\">Example system<\/span><\/h2>\n<\/div>\n<\/div>\n\n\n\n<div class=\"wp-block-columns\">\n<div class=\"wp-block-column\">\n<figure class=\"wp-block-image size-large\"><img src=\"https:\/\/badergmbh.de\/wp-content\/uploads\/2020\/06\/pistenbully_explorer.jpg\" alt=\"\"\/><\/figure>\n<\/div>\n\n\n\n<div class=\"wp-block-column\">\n<ul>\n<li><span style=\"font-family: verdana, geneva, sans-serif;\">operating unit 322<\/span><\/li>\n<li><span style=\"font-family: verdana, geneva, sans-serif;\"><a href=\"https:\/\/www.badergmbh.de\/en\/produkte\/#0703\" data-wplink-edit=\"true\">Outdoor sensor 0703<\/a><\/span><\/li>\n<li><span style=\"font-family: verdana, geneva, sans-serif;\"><a href=\"https:\/\/www.badergmbh.de\/en\/produkte\/#0704\">Discharge sensor 0704<\/a><\/span><\/li>\n<li><span style=\"font-family: verdana, geneva, sans-serif;\"><a href=\"https:\/\/www.badergmbh.de\/en\/produkte\/#0705\">Room sensor 0705<\/a><\/span><\/li>\n<li><span style=\"font-family: verdana, geneva, sans-serif;\"><a href=\"https:\/\/www.badergmbh.de\/en\/produkte\/#egs631\">Electronic fan control 0631<\/a><\/span><\/li>\n<li><span style=\"font-family: verdana, geneva, sans-serif;\"><strong>additional application possibilities with these accessories: <\/strong>bulldozers, excavators, cranes.<\/span><\/li>\n<\/ul>\n<\/div>\n<\/div>\n\n\n\n<p><\/p>","protected":false},"excerpt":{"rendered":"<p>Im Folgenden, werden einige Einsatzgebiete unserer Produkte dargestellt und m\u00f6gliche Zusammensetzungen der zugeh\u00f6rigen Systemkomponenten gezeigt: Reisebusse Systembeispiel Bedienger\u00e4t 490 CAN-Steuerung 1362 CAN-Steuerung 1390 Au\u00dfenf\u00fchler 0703 Raumf\u00fchler 0705 Gebl\u00e4sesteuerung 0631 Motorventil 5507 Stadtbusse Systembeispiel Bedienger\u00e4t 498 CAN-Steuerung 1498 Au\u00dfenf\u00fchler 0703 Raumf\u00fchler 0705 Gebl\u00e4sesteuerung 0631 Motorventil 5507 Kleinbusse Systembeispiel Bedienger\u00e4t 323 CAN-Steuerung 1393 Au\u00dfenf\u00fchler 0703 Raumf\u00fchler 0705 [&hellip;]<\/p>","protected":false},"author":1,"featured_media":0,"parent":0,"menu_order":0,"comment_status":"closed","ping_status":"closed","template":"","meta":[],"_links":{"self":[{"href":"https:\/\/www.badergmbh.de\/en\/wp-json\/wp\/v2\/pages\/32"}],"collection":[{"href":"https:\/\/www.badergmbh.de\/en\/wp-json\/wp\/v2\/pages"}],"about":[{"href":"https:\/\/www.badergmbh.de\/en\/wp-json\/wp\/v2\/types\/page"}],"author":[{"embeddable":true,"href":"https:\/\/www.badergmbh.de\/en\/wp-json\/wp\/v2\/users\/1"}],"replies":[{"embeddable":true,"href":"https:\/\/www.badergmbh.de\/en\/wp-json\/wp\/v2\/comments?post=32"}],"version-history":[{"count":85,"href":"https:\/\/www.badergmbh.de\/en\/wp-json\/wp\/v2\/pages\/32\/revisions"}],"predecessor-version":[{"id":2362,"href":"https:\/\/www.badergmbh.de\/en\/wp-json\/wp\/v2\/pages\/32\/revisions\/2362"}],"wp:attachment":[{"href":"https:\/\/www.badergmbh.de\/en\/wp-json\/wp\/v2\/media?parent=32"}],"curies":[{"name":"wp","href":"https:\/\/api.w.org\/{rel}","templated":true}]}}