{"id":285,"date":"2019-11-28T13:30:24","date_gmt":"2019-11-28T13:30:24","guid":{"rendered":"http:\/\/badergmbh.de\/?page_id=285"},"modified":"2022-03-24T10:44:11","modified_gmt":"2022-03-24T10:44:11","slug":"datenschutz","status":"publish","type":"page","link":"https:\/\/www.badergmbh.de\/en\/datenschutz","title":{"rendered":"Datenschutzerkl\u00e4rung"},"content":{"rendered":"<p><span style=\"font-family: verdana, geneva, sans-serif;\">Die Betreiber dieser Seiten nehmen den Schutz Ihrer pers\u00f6nlichen Daten sehr ernst. Wir behandeln Ihre personenbezogenen Daten vertraulich und entsprechend der gesetzlichen Datenschutzvorschriften sowie dieser Datenschutzerkl\u00e4rung.<\/span><\/p>\n\n\n\n<p><span style=\"font-family: verdana, geneva, sans-serif;\">Die Nutzung unserer Webseite ist in der Regel ohne Angabe personenbezogener Daten m\u00f6glich. Soweit auf unseren Seiten personenbezogene Daten (beispielsweise Name, Anschrift oder E-Mail-Adressen) erhoben werden, erfolgt dies, soweit m\u00f6glich, stets auf freiwilliger Basis. Diese Daten werden ohne Ihre ausdr\u00fcckliche Zustimmung nicht an Dritte weitergegeben.<\/span><\/p>\n\n\n\n<p><span style=\"font-family: verdana, geneva, sans-serif;\">Wir weisen darauf hin, dass die Daten\u00fcbertragung im Internet (z. B. bei der Kommunikation per E-Mail) Sicherheitsl\u00fccken aufweisen kann. Ein l\u00fcckenloser Schutz der Daten vor dem Zugriff durch Dritte ist nicht m\u00f6glich.<\/span><\/p>\n\n\n\n<p><span style=\"font-family: verdana, geneva, sans-serif;\"><strong>Verantwortlicher<\/strong> <\/span><br><span style=\"font-family: verdana, geneva, sans-serif;\">Bader GmbH <\/span><br><span style=\"font-family: verdana, geneva, sans-serif;\">Siemensstrasse 21<\/span><br><span style=\"font-family: verdana, geneva, sans-serif;\">71691 Freiberg<\/span><\/p>\n\n\n\n<p><span style=\"font-family: verdana, geneva, sans-serif;\">Tel: 07141\/ 68877-0 <\/span><br><span style=\"font-family: verdana, geneva, sans-serif;\">Fax: 07141\/ 68877-22<\/span><br><span style=\"font-family: verdana, geneva, sans-serif;\">info@badergmbh.de<\/span><\/p>\n\n\n\n<p><span style=\"font-family: verdana, geneva, sans-serif;\"><strong>Arten der verarbeiteten Daten<\/strong>: <\/span><br><span style=\"font-family: verdana, geneva, sans-serif;\">&#8211; Bestandsdaten (z.B., Namen, Adressen).<\/span><br><span style=\"font-family: verdana, geneva, sans-serif;\">&#8211; Kontaktdaten (z.B., E-Mail, Telefonnummern). <\/span><br><span style=\"font-family: verdana, geneva, sans-serif;\">&#8211; Inhaltsdaten (z.B., Texteingaben, Fotografien, Videos). <\/span><br><span style=\"font-family: verdana, geneva, sans-serif;\">&#8211; Nutzungsdaten (z.B., besuchte Webseiten, Interesse an Inhalten, Zugriffszeiten). <\/span><br><span style=\"font-family: verdana, geneva, sans-serif;\">&#8211; Meta-\/Kommunikationsdaten (z.B., Ger\u00e4te-Informationen, IP-Adressen).<\/span><\/p>\n\n\n\n<p><span style=\"font-family: verdana, geneva, sans-serif;\"><strong>Ma\u00dfgebliche Rechtsgrundlagen<\/strong> <\/span><br><span style=\"font-family: verdana, geneva, sans-serif;\">Nach Ma\u00dfgabe des Art. 13 DSGVO teilen wir Ihnen die Rechtsgrundlagen unserer Datenverarbeitungen mit. Sofern die Rechtsgrundlage in der Datenschutzerkl\u00e4rung nicht genannt wird, gilt Folgendes: Die Rechtsgrundlage f\u00fcr die Einholung von Einwilligungen ist Art. 6 Abs. 1 lit. a und Art. 7 DSGVO, die Rechtsgrundlage f\u00fcr die Verarbeitung zur Erf\u00fcllung unserer Leistungen und Durchf\u00fchrung vertraglicher Ma\u00dfnahmen sowie Beantwortung von Anfragen ist Art. 6 Abs. 1 lit. b DSGVO, die Rechtsgrundlage f\u00fcr die Verarbeitung zur Erf\u00fcllung unserer rechtlichen Verpflichtungen ist Art. 6 Abs. 1 lit. c DSGVO, und die Rechtsgrundlage f\u00fcr die Verarbeitung zur Wahrung unserer berechtigten Interessen ist Art. 6 Abs. 1 lit. f DSGVO. F\u00fcr den Fall, dass lebenswichtige Interessen der betroffenen Person oder einer anderen nat\u00fcrlichen Person eine Verarbeitung personenbezogener Daten erforderlich machen, dient Art. 6 Abs. 1 lit. d DSGVO als Rechtsgrundlage.<\/span><\/p>\n\n\n\n<p><span style=\"font-family: verdana, geneva, sans-serif;\"><strong> Verwendete Begrifflichkeiten <\/strong> <\/span><br><span style=\"font-family: verdana, geneva, sans-serif;\">\u201ePersonenbezogene Daten\u201c sind alle Informationen, die sich auf eine identifizierte oder identifizierbare nat\u00fcrliche Person (im Folgenden \u201ebetroffene Person\u201c) beziehen; als identifizierbar wird eine nat\u00fcrliche Person angesehen, die direkt oder indirekt, insbesondere mittels Zuordnung zu einer Kennung wie einem Namen, zu einer Kennnummer, zu Standortdaten, zu einer Online-Kennung (z.B. Cookie) oder zu einem oder mehreren besonderen Merkmalen identifiziert werden kann, die Ausdruck der physischen, physiologischen, genetischen, psychischen, wirtschaftlichen, kulturellen oder sozialen Identit\u00e4t dieser nat\u00fcrlichen Person sind.<\/span><\/p>\n\n\n\n<p><span style=\"font-family: verdana, geneva, sans-serif;\">\u201eVerarbeitung\u201c ist jeder mit oder ohne Hilfe automatisierter Verfahren ausgef\u00fchrten Vorgang oder jede solche Vorgangsreihe im Zusammenhang mit personenbezogenen Daten. Der Begriff reicht weit und umfasst praktisch jeden Umgang mit Daten.<\/span><\/p>\n\n\n\n<p><span style=\"font-family: verdana, geneva, sans-serif;\">Als \u201eVerantwortlicher\u201c wird die nat\u00fcrliche oder juristische Person, Beh\u00f6rde, Einrichtung oder andere Stelle, die allein oder gemeinsam mit anderen \u00fcber die Zwecke und Mittel der Verarbeitung von personenbezogenen Daten entscheidet, bezeichnet.<\/span><\/p>\n\n\n\n<p><span style=\"font-family: verdana, geneva, sans-serif;\"><strong>Rechte der betroffenen Personen<\/strong> <\/span><br><span style=\"font-family: verdana, geneva, sans-serif;\">Sie haben das Recht, eine Best\u00e4tigung dar\u00fcber zu verlangen, ob betreffende Daten verarbeitet werden und auf Auskunft \u00fcber diese Daten sowie auf weitere Informationen und Kopie der Daten entsprechend Art. 15 DSGVO.<\/span><\/p>\n\n\n\n<p><span style=\"font-family: verdana, geneva, sans-serif;\">Sie haben entsprechend. Art. 16 DSGVO das Recht, die Vervollst\u00e4ndigung der Sie betreffenden Daten oder die Berichtigung der Sie betreffenden unrichtigen Daten zu verlangen.<\/span><\/p>\n\n\n\n<p><span style=\"font-family: verdana, geneva, sans-serif;\">Sie haben nach Ma\u00dfgabe des Art. 17 DSGVO das Recht zu verlangen, dass betreffende Daten unverz\u00fcglich gel\u00f6scht werden, bzw. alternativ nach Ma\u00dfgabe des Art. 18 DSGVO eine Einschr\u00e4nkung der Verarbeitung der Daten zu verlangen.<\/span><\/p>\n\n\n\n<p><span style=\"font-family: verdana, geneva, sans-serif;\">Sie haben das Recht zu verlangen, dass die Sie betreffenden Daten, die Sie uns bereitgestellt haben nach Ma\u00dfgabe des Art. 20 DSGVO zu erhalten und deren \u00dcbermittlung an andere Verantwortliche zu fordern.<\/span><\/p>\n\n\n\n<p><span style=\"font-family: verdana, geneva, sans-serif;\">Sie haben ferner gem. Art. 77 DSGVO das Recht, eine Beschwerde bei der zust\u00e4ndigen Aufsichtsbeh\u00f6rde einzureichen.<\/span><\/p>\n\n\n\n<p><span style=\"font-family: verdana, geneva, sans-serif;\"><strong>Widerspruchsrecht<\/strong> <\/span><br><span style=\"font-family: verdana, geneva, sans-serif;\">Sie k\u00f6nnen der k\u00fcnftigen Verarbeitung der Sie betreffenden Daten nach Ma\u00dfgabe des Art. 21 DSGVO jederzeit widersprechen. Der Widerspruch kann insbesondere gegen die Verarbeitung f\u00fcr Zwecke der Direktwerbung erfolgen.<\/span><\/p>\n\n\n\n<p><span style=\"font-family: verdana, geneva, sans-serif;\"><strong>Erhebung von Zugriffsdaten und Logfiles<\/strong> <\/span><br><span style=\"font-family: verdana, geneva, sans-serif;\">Wir, bzw. unser Hostinganbieter, erhebt auf Grundlage unserer berechtigten Interessen im Sinne des Art. 6 Abs. 1 lit. f. DSGVO Daten \u00fcber jeden Zugriff auf den Server, auf dem sich dieser Dienst befindet (sogenannte Serverlogfiles). Zu den Zugriffsdaten geh\u00f6ren Name der abgerufenen Webseite, Datei, Datum und Uhrzeit des Abrufs, \u00fcbertragene Datenmenge, Meldung \u00fcber erfolgreichen Abruf, Browsertyp nebst Version, das Betriebssystem des Nutzers, Referrer URL (die zuvor besuchte Seite), IP-Adresse und der anfragende Provider.<\/span><\/p>\n\n\n\n<p><span style=\"font-family: verdana, geneva, sans-serif;\">Logfile-Informationen werden aus Sicherheitsgr\u00fcnden (z.B. zur Aufkl\u00e4rung von Missbrauchs- oder Betrugshandlungen) f\u00fcr die Dauer von maximal 7 Tagen gespeichert und danach gel\u00f6scht. Daten, deren weitere Aufbewahrung zu Beweiszwecken erforderlich ist, sind bis zur endg\u00fcltigen Kl\u00e4rung des jeweiligen Vorfalls von der L\u00f6schung ausgenommen.<\/span><\/p>\n\n\n\n<p><span style=\"font-family: verdana, geneva, sans-serif;\"><strong>Kontaktaufnahme<\/strong> <\/span><br><span style=\"font-family: verdana, geneva, sans-serif;\">Bei der Kontaktaufnahme mit uns (z.B. per Kontaktformular, E-Mail, Telefon oder via sozialer Medien) werden die Angaben des Nutzers zur Bearbeitung der Kontaktanfrage und deren Abwicklung gem. Art. 6 Abs. 1 lit. b) DSGVO verarbeitet. Die Angaben der Nutzer k\u00f6nnen in einem Customer-Relationship-Management System (\u201eCRM System\u201c) oder vergleichbarer Anfragenorganisation gespeichert werden.<\/span><\/p>\n\n\n\n<p><span style=\"font-family: verdana, geneva, sans-serif;\">Wir l\u00f6schen die Anfragen, sofern diese nicht mehr erforderlich sind. Wir \u00fcberpr\u00fcfen die Erforderlichkeit alle zwei Jahre; Ferner gelten die gesetzlichen Archivierungspflichten.<\/span><\/p>\n\n\n\n<p><\/p>","protected":false},"excerpt":{"rendered":"<p>Die Betreiber dieser Seiten nehmen den Schutz Ihrer pers\u00f6nlichen Daten sehr ernst. Wir behandeln Ihre personenbezogenen Daten vertraulich und entsprechend der gesetzlichen Datenschutzvorschriften sowie dieser Datenschutzerkl\u00e4rung. Die Nutzung unserer Webseite ist in der Regel ohne Angabe personenbezogener Daten m\u00f6glich. Soweit auf unseren Seiten personenbezogene Daten (beispielsweise Name, Anschrift oder E-Mail-Adressen) erhoben werden, erfolgt dies, soweit [&hellip;]<\/p>","protected":false},"author":1,"featured_media":0,"parent":0,"menu_order":0,"comment_status":"closed","ping_status":"closed","template":"","meta":[],"_links":{"self":[{"href":"https:\/\/www.badergmbh.de\/en\/wp-json\/wp\/v2\/pages\/285"}],"collection":[{"href":"https:\/\/www.badergmbh.de\/en\/wp-json\/wp\/v2\/pages"}],"about":[{"href":"https:\/\/www.badergmbh.de\/en\/wp-json\/wp\/v2\/types\/page"}],"author":[{"embeddable":true,"href":"https:\/\/www.badergmbh.de\/en\/wp-json\/wp\/v2\/users\/1"}],"replies":[{"embeddable":true,"href":"https:\/\/www.badergmbh.de\/en\/wp-json\/wp\/v2\/comments?post=285"}],"version-history":[{"count":8,"href":"https:\/\/www.badergmbh.de\/en\/wp-json\/wp\/v2\/pages\/285\/revisions"}],"predecessor-version":[{"id":2093,"href":"https:\/\/www.badergmbh.de\/en\/wp-json\/wp\/v2\/pages\/285\/revisions\/2093"}],"wp:attachment":[{"href":"https:\/\/www.badergmbh.de\/en\/wp-json\/wp\/v2\/media?parent=285"}],"curies":[{"name":"wp","href":"https:\/\/api.w.org\/{rel}","templated":true}]}}