{"id":279,"date":"2019-11-28T13:09:24","date_gmt":"2019-11-28T13:09:24","guid":{"rendered":"http:\/\/badergmbh.de\/?page_id=279"},"modified":"2022-03-24T10:45:05","modified_gmt":"2022-03-24T10:45:05","slug":"impressum","status":"publish","type":"page","link":"https:\/\/www.badergmbh.de\/en\/impressum","title":{"rendered":"Impressum"},"content":{"rendered":"<p style=\"font-size: 18px;\"><span style=\"font-size: 18pt;\"><strong>Bader GmbH<\/strong><\/span><\/p>\n\n\n\n<p><span style=\"font-family: verdana, geneva, sans-serif;\">Siemensstrasse 21 <\/span><br><span style=\"font-family: verdana, geneva, sans-serif;\">71691 Freiberg a.N. <\/span><br><span style=\"font-family: verdana, geneva, sans-serif;\">Deutschland<\/span><\/p>\n\n\n\n<p><span style=\"font-family: verdana, geneva, sans-serif;\">Tel: 07141\/ 68877-0 <\/span><br><span style=\"font-family: verdana, geneva, sans-serif;\">Fax: 07141\/ 68877-22 <\/span><br><span style=\"font-family: verdana, geneva, sans-serif;\">info@badergmbh.de<\/span><\/p>\n\n\n\n<p><span style=\"font-family: verdana, geneva, sans-serif;\">Registergericht Stuttgart, HRB 205971 <\/span><br><span style=\"font-family: verdana, geneva, sans-serif;\">Gesch\u00e4ftsf\u00fchrer: Florian Bader<\/span><\/p>\n\n\n\n<p><span style=\"font-family: verdana, geneva, sans-serif;\">Umsatzsteuer-Identifikationsnummer gem\u00e4\u00df \u00a7 27a Umsatzsteuergesetz: DE 146123313<\/span><\/p>\n\n\n\n<p><span style=\"font-family: verdana, geneva, sans-serif;\">Inhaltlich Verantwortlicher gem\u00e4\u00df \u00a7 10 Absatz 3 MDStV (\u201eAutor\u201c): Florian Bader (Anschrift wie oben)<\/span><\/p>\n\n\n\n<p><\/p>","protected":false},"excerpt":{"rendered":"<p>Bader GmbH Siemensstrasse 21 71691 Freiberg a.N. Deutschland Tel: 07141\/ 68877-0 Fax: 07141\/ 68877-22 info@badergmbh.de Registergericht Stuttgart, HRB 205971 Gesch\u00e4ftsf\u00fchrer: Florian Bader Umsatzsteuer-Identifikationsnummer gem\u00e4\u00df \u00a7 27a Umsatzsteuergesetz: DE 146123313 Inhaltlich Verantwortlicher gem\u00e4\u00df \u00a7 10 Absatz 3 MDStV (\u201eAutor\u201c): Florian Bader (Anschrift wie oben)<\/p>","protected":false},"author":1,"featured_media":0,"parent":0,"menu_order":0,"comment_status":"closed","ping_status":"closed","template":"","meta":[],"_links":{"self":[{"href":"https:\/\/www.badergmbh.de\/en\/wp-json\/wp\/v2\/pages\/279"}],"collection":[{"href":"https:\/\/www.badergmbh.de\/en\/wp-json\/wp\/v2\/pages"}],"about":[{"href":"https:\/\/www.badergmbh.de\/en\/wp-json\/wp\/v2\/types\/page"}],"author":[{"embeddable":true,"href":"https:\/\/www.badergmbh.de\/en\/wp-json\/wp\/v2\/users\/1"}],"replies":[{"embeddable":true,"href":"https:\/\/www.badergmbh.de\/en\/wp-json\/wp\/v2\/comments?post=279"}],"version-history":[{"count":4,"href":"https:\/\/www.badergmbh.de\/en\/wp-json\/wp\/v2\/pages\/279\/revisions"}],"predecessor-version":[{"id":2094,"href":"https:\/\/www.badergmbh.de\/en\/wp-json\/wp\/v2\/pages\/279\/revisions\/2094"}],"wp:attachment":[{"href":"https:\/\/www.badergmbh.de\/en\/wp-json\/wp\/v2\/media?parent=279"}],"curies":[{"name":"wp","href":"https:\/\/api.w.org\/{rel}","templated":true}]}}