{"id":119,"date":"2019-11-25T12:35:58","date_gmt":"2019-11-25T12:35:58","guid":{"rendered":"http:\/\/badergmbh.de\/?page_id=119"},"modified":"2026-04-15T14:15:24","modified_gmt":"2026-04-15T14:15:24","slug":"unternehmen","status":"publish","type":"page","link":"https:\/\/www.badergmbh.de\/en\/unternehmen","title":{"rendered":"Company"},"content":{"rendered":"<h2 id=\"ueberuns\"><strong><span style=\"font-size: 18pt; font-family: verdana, geneva, sans-serif;\">About us<\/span><\/strong><\/h2>\n\n\n\n<p><span style=\"font-family: verdana, geneva, sans-serif;\">BADER GmbH produces and sells electronic components and assemblies for industrial automation and automotive applications. We have been your expert for the development of vehicle electronic systems for over 40 years. We have been using microprocessor-controlled CAN bus systems since 1990 and have been the market leader for climate control in buses, trains and special purpose vehicles ever since.<\/span><\/p>\n\n\n\n<p><span style=\"font-family: verdana, geneva, sans-serif;\">BADER GmbH has a very broad product range.\u00a0We have the right solution for you for every application. We supply manufacturers of commercial vehicles and their suppliers. Our services:<\/span><\/p>\n<ul>\n<li><span style=\"font-family: verdana, geneva, sans-serif;\">Development, production and sales of electronic systems for automotive engineering and industrial automation.<\/span><\/li>\n<li><span style=\"font-family: verdana, geneva, sans-serif;\">Development of customer-specific systems.<\/span><\/li>\n<li><span style=\"font-family: verdana, geneva, sans-serif;\">The complete production process (planning, assembly, soldering, testing, mounting) of all BADER products takes place at Freiberg am Neckar.<\/span><\/li>\n<\/ul>\n\n\n\n<figure class=\"wp-block-image size-large\"><img src=\"https:\/\/www.badergmbh.de\/wp-content\/uploads\/2022\/04\/firma2-1024x576-1.jpg\" alt=\"\"\/><\/figure>\n\n\n\n<p class=\"has-normal-font-size\"><span style=\"font-family: verdana, geneva, sans-serif; font-size: 14pt;\">business development:<\/span><\/p>\n\n\n\n<p><span style=\"font-family: verdana, geneva, sans-serif;\">Company foundation in Steinheim an der Murr by Gottfried Bader with focus on switchgear and control systems for mechanical engineering.<\/span><\/p>\n\n\n\n<p><span style=\"font-family: verdana, geneva, sans-serif;\">1976 Separation of the switchgear construction and electronics department. Along with this separation, the foundation of today's Bader GmbH took place with focus on temperature control and relay controls for automotive and industrial applications.<\/span><\/p>\n\n\n\n<p><span style=\"font-family: verdana, geneva, sans-serif;\">1990 Move to Winzerhausen. Specialisation in air conditioning for commercial vehicles.<\/span><\/p>\n\n\n\n<p><span style=\"font-family: verdana, geneva, sans-serif;\">1990 Controller in microprocessor technology successfully in use.<\/span><\/p>\n\n\n\n<p><span style=\"font-family: verdana, geneva, sans-serif;\">2000 Move to Freiberg am Neckar.&nbsp;&nbsp; &nbsp;<\/span>&nbsp;&nbsp;<\/p>\n\n\n\n<p><span style=\"font-family: verdana, geneva, sans-serif;\">2004 In-house SMD assembly.<\/span><\/p>\n\n\n\n<p><span style=\"font-family: verdana, geneva, sans-serif;\">2014 Transfer of the company from Gottfried Bader to his son Florian Bader<\/span><\/p>\n\n\n\n<p><span style=\"font-family: verdana, geneva, sans-serif;\">2018 Besides Gottfried Bader, Florian Bader is now also managing director.&nbsp;&nbsp;<\/span><\/p>\n\n\n\n<h2 id=\"produktion\"><span style=\"font-size: 18pt; font-family: verdana, geneva, sans-serif;\"><strong>Production<\/strong><\/span><\/h2>\n\n\n\n<p><span style=\"font-family: verdana, geneva, sans-serif;\">All electronic components of our products are manufactured at our Freiberg am Neckar facility. In order to react quick and flexible to quantity changes from customers, vapor phase processes, wave soldering machines and placement machine are used.<\/span><\/p>\n\n\n\n<figure class=\"wp-block-image size-large\"><img src=\"https:\/\/www.badergmbh.de\/wp-content\/uploads\/2022\/04\/Fertigung_2-1024x768-1.jpg\" alt=\"\"\/><figcaption>Best\u00fcckungsautomat<\/figcaption><\/figure>\n\n\n\n<p><span style=\"font-family: verdana, geneva, sans-serif;\">Once the assembly process is completed, our soldering machines are used.  The soldering process of high quality SMD components is carried out in an energy-efficient and environmentally friendly manner using the vapour phase reflow soldering method or vapour phase soldering. When soldering with the vapour phase soldering system, a low temperature between 200\u00b0C - 240\u00b0C is used to protect sensitive components and solder different assemblies without overheating.<\/span><\/p>\n\n\n\n<figure class=\"wp-block-image size-large\"><img src=\"https:\/\/www.badergmbh.de\/wp-content\/uploads\/2022\/04\/Fertigung_4-1024x768-1.jpg\" alt=\"\"\/><figcaption>Dampfphasenl\u00f6tanlage<\/figcaption><\/figure>\n\n\n\n<p><span style=\"font-family: verdana, geneva, sans-serif;\">Furthermore, a wave soldering machine is used, which is mainly in operation for the soldering of through-hole components (THT), but is also used for the assembly of surface mount components (SMT) on the underside of printed circuit boards. Thus, small, medium or high production volumes of THT and SMT as well as complex mixed assembly are possible.<\/span><\/p>\n\n\n\n<figure class=\"wp-block-image size-large\"><img src=\"https:\/\/www.badergmbh.de\/wp-content\/uploads\/2022\/04\/Produktion_1-1024x768-1.jpg\" alt=\"\"\/><figcaption>Wellenl\u00f6tanlage<\/figcaption><\/figure>\n\n\n\n<h2 id=\"zertifikate\"><span style=\"font-size: 18pt; font-family: verdana, geneva, sans-serif;\"><strong>Certificates<\/strong><\/span><\/h2>\n\n\n\n<p><span style=\"font-family: verdana, geneva, sans-serif;\">Certified according to ISO 9001 since 2000.<\/span><\/p>\n\n\n\n<div class=\"wp-block-file\"><object class=\"wp-block-file__embed\" data=\"https:\/\/www.badergmbh.de\/wp-content\/uploads\/2025\/01\/Zertifikat-ISO-9001_2015_de.pdf\" type=\"application\/pdf\" style=\"width:100%;height:600px\" aria-label=\"Einbettung von Zertifikat ISO 9001_2015_de.\"><\/object><a id=\"wp-block-file--media-52b5b361-58b2-4d2a-bf42-70f8ea3b2e81\" href=\"https:\/\/www.badergmbh.de\/wp-content\/uploads\/2025\/01\/Zertifikat-ISO-9001_2015_en.pdf\">certificate-ISO-9001-2015<\/a><a href=\"https:\/\/www.badergmbh.de\/wp-content\/uploads\/2025\/01\/Zertifikat-ISO-9001_2015_en.pdf\" class=\"wp-block-file__button\" download aria-describedby=\"wp-block-file--media-52b5b361-58b2-4d2a-bf42-70f8ea3b2e81\">Download<\/a><\/div>\n\n\n\n<h2 id=\"offenestellen\"><strong><span style=\"font-size: 18pt; font-family: verdana, geneva, sans-serif;\">Open positions<\/span><\/strong><\/h2>\n\n\n\n<p>Wir sind immer auf der Suche nach engagierten Mitarbeitenden in verschiedenen Bereichen:<\/p>\n<ul>\n<li data-start=\"508\" data-end=\"588\"><strong data-start=\"508\" data-end=\"542\">Produktionsmitarbeiter <\/strong>im Bereich Best\u00fccken und L\u00f6ten von Platinen<\/li>\n<li data-start=\"591\" data-end=\"656\"><strong data-start=\"591\" data-end=\"623\">Elektronikingenieure <\/strong>im Bereich <a href=\"#Hardwareentwicklung\">Hardwareentwicklung<\/a><\/li>\n<li data-start=\"659\" data-end=\"720\"><strong data-start=\"659\" data-end=\"689\">Softwareentwickler <\/strong>im Bereich <a href=\"#Softwareentwickler\">Embedded Software<\/a><\/li>\n<li data-start=\"723\" data-end=\"779\"><strong>Kaufm\u00e4nnische Mitarbeitende<\/strong> im Bereich<a href=\"#Einkauf\"> Einkauf \/ Vertrieb<\/a><\/li>\n<\/ul>\n<p><span style=\"font-family: verdana, geneva, sans-serif;\">Wenn Sie Interesse haben, freuen wir uns \u00fcber eine <a href=\"https:\/\/www.badergmbh.de\/en\/initiativbewerbung\/\">unsolicited application<\/a>.<br \/><\/span><\/p>\n\n\n\n<p><\/p>\n\n\n\n<figure class=\"wp-block-image size-large is-resized\" id=\"Softwareentwickler\"><img loading=\"lazy\" src=\"https:\/\/www.badergmbh.de\/wp-content\/uploads\/2025\/11\/thumbnail_Softwareentwicklung2025-1024x576.jpg\" alt=\"\" class=\"wp-image-2411\" width=\"840\" height=\"472\" srcset=\"https:\/\/www.badergmbh.de\/wp-content\/uploads\/2025\/11\/thumbnail_Softwareentwicklung2025-1024x576.jpg 1024w, https:\/\/www.badergmbh.de\/wp-content\/uploads\/2025\/11\/thumbnail_Softwareentwicklung2025-300x169.jpg 300w, https:\/\/www.badergmbh.de\/wp-content\/uploads\/2025\/11\/thumbnail_Softwareentwicklung2025-768x432.jpg 768w, https:\/\/www.badergmbh.de\/wp-content\/uploads\/2025\/11\/thumbnail_Softwareentwicklung2025-18x10.jpg 18w, https:\/\/www.badergmbh.de\/wp-content\/uploads\/2025\/11\/thumbnail_Softwareentwicklung2025.jpg 1280w\" sizes=\"(max-width: 840px) 100vw, 840px\" \/><\/figure>\n\n\n\n<figure class=\"wp-block-image size-large\" id=\"Hardwareentwicklung\"><img loading=\"lazy\" width=\"1024\" height=\"576\" src=\"https:\/\/www.badergmbh.de\/wp-content\/uploads\/2025\/11\/thumbnail_Hardwareentwicklung2025-1024x576.jpg\" alt=\"\" class=\"wp-image-2412\" srcset=\"https:\/\/www.badergmbh.de\/wp-content\/uploads\/2025\/11\/thumbnail_Hardwareentwicklung2025-1024x576.jpg 1024w, https:\/\/www.badergmbh.de\/wp-content\/uploads\/2025\/11\/thumbnail_Hardwareentwicklung2025-300x169.jpg 300w, https:\/\/www.badergmbh.de\/wp-content\/uploads\/2025\/11\/thumbnail_Hardwareentwicklung2025-768x432.jpg 768w, https:\/\/www.badergmbh.de\/wp-content\/uploads\/2025\/11\/thumbnail_Hardwareentwicklung2025-18x10.jpg 18w, https:\/\/www.badergmbh.de\/wp-content\/uploads\/2025\/11\/thumbnail_Hardwareentwicklung2025.jpg 1280w\" sizes=\"(max-width: 1024px) 100vw, 1024px\" \/><\/figure>","protected":false},"excerpt":{"rendered":"<p>\u00dcber uns BADER GmbH produziert und vertreibt elektronische Komponenten und Baugruppen f\u00fcr die Industrieautomation und Automotiveanwendungen. Seit \u00fcber 40 Jahren sind wir Ihr Experte f\u00fcr die Entwicklung von Fahrzeugelektroniksystemen. Schon seit 1990 haben wir mikroprozessorgesteuerte CAN-Bus Systeme im Einsatz und sind seither Marktf\u00fchrer f\u00fcr die Klimaregelung in Bussen, Bahnen und Sonderfahrzeugen. Die BADER GmbH verf\u00fcgt [&hellip;]<\/p>","protected":false},"author":1,"featured_media":0,"parent":0,"menu_order":0,"comment_status":"closed","ping_status":"closed","template":"","meta":[],"_links":{"self":[{"href":"https:\/\/www.badergmbh.de\/en\/wp-json\/wp\/v2\/pages\/119"}],"collection":[{"href":"https:\/\/www.badergmbh.de\/en\/wp-json\/wp\/v2\/pages"}],"about":[{"href":"https:\/\/www.badergmbh.de\/en\/wp-json\/wp\/v2\/types\/page"}],"author":[{"embeddable":true,"href":"https:\/\/www.badergmbh.de\/en\/wp-json\/wp\/v2\/users\/1"}],"replies":[{"embeddable":true,"href":"https:\/\/www.badergmbh.de\/en\/wp-json\/wp\/v2\/comments?post=119"}],"version-history":[{"count":49,"href":"https:\/\/www.badergmbh.de\/en\/wp-json\/wp\/v2\/pages\/119\/revisions"}],"predecessor-version":[{"id":2415,"href":"https:\/\/www.badergmbh.de\/en\/wp-json\/wp\/v2\/pages\/119\/revisions\/2415"}],"wp:attachment":[{"href":"https:\/\/www.badergmbh.de\/en\/wp-json\/wp\/v2\/media?parent=119"}],"curies":[{"name":"wp","href":"https:\/\/api.w.org\/{rel}","templated":true}]}}